{"id":100,"date":"2026-04-02T15:59:33","date_gmt":"2026-04-02T15:59:33","guid":{"rendered":"https:\/\/cool-mahavira.104-248-40-33.plesk.page\/?page_id=100"},"modified":"2026-04-14T08:07:43","modified_gmt":"2026-04-14T08:07:43","slug":"chi-siamo","status":"publish","type":"page","link":"https:\/\/cool-mahavira.104-248-40-33.plesk.page\/index.php\/chi-siamo\/","title":{"rendered":"Chi siamo"},"content":{"rendered":"\t\t<div data-elementor-type=\"wp-page\" data-elementor-id=\"100\" class=\"elementor elementor-100\" data-elementor-post-type=\"page\">\n\t\t\t\t<div class=\"elementor-element elementor-element-7317306 e-con-full e-flex e-con e-parent\" data-id=\"7317306\" data-element_type=\"container\" data-e-type=\"container\" data-settings=\"{&quot;background_background&quot;:&quot;classic&quot;}\">\n\t\t\t\t<div class=\"elementor-element elementor-element-c3bf07a elementor-widget elementor-widget-heading\" data-id=\"c3bf07a\" data-element_type=\"widget\" data-e-type=\"widget\" data-widget_type=\"heading.default\">\n\t\t\t\t\t<h1 class=\"elementor-heading-title elementor-size-default\">Chi siamo<\/h1>\t\t\t\t<\/div>\n\t\t\t\t<\/div>\n\t\t<div class=\"elementor-element elementor-element-4b13c7f e-flex e-con-boxed e-con e-parent\" data-id=\"4b13c7f\" data-element_type=\"container\" data-e-type=\"container\" data-settings=\"{&quot;background_background&quot;:&quot;classic&quot;}\">\n\t\t\t\t\t<div class=\"e-con-inner\">\n\t\t\t\t<div class=\"elementor-element elementor-element-f782656 elementor-widget-mobile__width-inherit elementor-widget elementor-widget-heading\" data-id=\"f782656\" data-element_type=\"widget\" data-e-type=\"widget\" data-widget_type=\"heading.default\">\n\t\t\t\t\t<h2 class=\"elementor-heading-title elementor-size-default\">Il nostro team di esperti \u00e8 il cuore pulsante di Vino Vino<\/h2>\t\t\t\t<\/div>\n\t\t\t\t<div class=\"elementor-element elementor-element-37383b5 elementor-widget-divider--view-line elementor-widget elementor-widget-divider\" data-id=\"37383b5\" data-element_type=\"widget\" data-e-type=\"widget\" data-widget_type=\"divider.default\">\n\t\t\t\t\t\t\t<div class=\"elementor-divider\">\n\t\t\t<span class=\"elementor-divider-separator\">\n\t\t\t\t\t\t<\/span>\n\t\t<\/div>\n\t\t\t\t\t\t<\/div>\n\t\t\t\t<div class=\"elementor-element elementor-element-5b7d2ff elementor-widget elementor-widget-text-editor\" data-id=\"5b7d2ff\" data-element_type=\"widget\" data-e-type=\"widget\" data-widget_type=\"text-editor.default\">\n\t\t\t\t\t\t\t\t\t<p>Siamo un gruppo di appassionati e professionisti del vino, con competenze diverse ma unite dalla stessa passione per la qualit\u00e0. Andrea Gaviglio, enotecario certificato AEPI (Associazione Enotecari Professionisti Italiani), guida con esperienza la nostra enoteca, offrendo consulenza e selezione vinicola di alto livello. Ogni membro del team \u00e8 formato per rispondere con competenza e passione alle esigenze di ogni cliente, accompagnandolo nella scelta del vino giusto per ogni occasione, dal regalo speciale alla cena pi\u00f9 sofisticata.<\/p>\t\t\t\t\t\t\t\t<\/div>\n\t\t\t\t\t<\/div>\n\t\t\t\t<\/div>\n\t\t<div class=\"elementor-element elementor-element-4594445 e-flex e-con-boxed e-con e-parent\" data-id=\"4594445\" data-element_type=\"container\" data-e-type=\"container\">\n\t\t\t\t\t<div class=\"e-con-inner\">\n\t\t<div class=\"elementor-element elementor-element-a97525b e-con-full e-flex e-con e-child\" data-id=\"a97525b\" data-element_type=\"container\" data-e-type=\"container\">\n\t\t\t\t<div class=\"elementor-element elementor-element-4b77d1b elementor-widget elementor-widget-heading\" data-id=\"4b77d1b\" data-element_type=\"widget\" data-e-type=\"widget\" data-widget_type=\"heading.default\">\n\t\t\t\t\t<h2 class=\"elementor-heading-title elementor-size-default\">Dal 1921, una tradizione che continua<\/h2>\t\t\t\t<\/div>\n\t\t\t\t<div class=\"elementor-element elementor-element-f2e3288 elementor-widget-divider--view-line elementor-widget elementor-widget-divider\" data-id=\"f2e3288\" data-element_type=\"widget\" data-e-type=\"widget\" data-widget_type=\"divider.default\">\n\t\t\t\t\t\t\t<div class=\"elementor-divider\">\n\t\t\t<span class=\"elementor-divider-separator\">\n\t\t\t\t\t\t<\/span>\n\t\t<\/div>\n\t\t\t\t\t\t<\/div>\n\t\t\t\t<div class=\"elementor-element elementor-element-974a4ae elementor-widget elementor-widget-text-editor\" data-id=\"974a4ae\" data-element_type=\"widget\" data-e-type=\"widget\" data-widget_type=\"text-editor.default\">\n\t\t\t\t\t\t\t\t\t<p>Vino Vino nasce come piccolo punto vendita nel cuore di Milano, con l\u2019obiettivo di selezionare e proporre solo il meglio del vino italiano e internazionale. Fondata da una famiglia di esperti enologi, l\u2019enoteca ha saputo crescere e affermarsi grazie alla passione per il vino e al costante impegno nella ricerca di etichette di qualit\u00e0. Oggi, siamo ancora un\u2019impresa familiare che conserva i valori di sempre, con l\u2019esperienza di tre generazioni che hanno contribuito a costruire il nostro marchio come sinonimo di qualit\u00e0 e affidabilit\u00e0 nel mondo del vino.<\/p>\t\t\t\t\t\t\t\t<\/div>\n\t\t\t\t<\/div>\n\t\t<div class=\"elementor-element elementor-element-8eda4a7 e-con-full e-flex e-con e-child\" data-id=\"8eda4a7\" data-element_type=\"container\" data-e-type=\"container\" data-settings=\"{&quot;background_background&quot;:&quot;classic&quot;}\">\n\t\t\t\t<div class=\"elementor-element elementor-element-4fc948d elementor-widget elementor-widget-image\" data-id=\"4fc948d\" data-element_type=\"widget\" data-e-type=\"widget\" data-widget_type=\"image.default\">\n\t\t\t\t\t\t\t\t\t\t\t\t\t\t\t<img fetchpriority=\"high\" decoding=\"async\" width=\"744\" height=\"700\" src=\"https:\/\/cool-mahavira.104-248-40-33.plesk.page\/wp-content\/uploads\/2026\/04\/Chi-siamo-FOTO-STORICHE.png\" class=\"attachment-large size-large wp-image-117\" alt=\"\" srcset=\"https:\/\/cool-mahavira.104-248-40-33.plesk.page\/wp-content\/uploads\/2026\/04\/Chi-siamo-FOTO-STORICHE.png 744w, https:\/\/cool-mahavira.104-248-40-33.plesk.page\/wp-content\/uploads\/2026\/04\/Chi-siamo-FOTO-STORICHE-300x282.png 300w\" sizes=\"(max-width: 744px) 100vw, 744px\" \/>\t\t\t\t\t\t\t\t\t\t\t\t\t\t\t<\/div>\n\t\t\t\t<\/div>\n\t\t\t\t\t<\/div>\n\t\t\t\t<\/div>\n\t\t<div class=\"elementor-element elementor-element-e2c3fbf e-flex e-con-boxed e-con e-parent\" data-id=\"e2c3fbf\" data-element_type=\"container\" data-e-type=\"container\">\n\t\t\t\t\t<div class=\"e-con-inner\">\n\t\t<div class=\"elementor-element elementor-element-1fbd1dd e-con-full e-flex e-con e-child\" data-id=\"1fbd1dd\" data-element_type=\"container\" data-e-type=\"container\" data-settings=\"{&quot;background_background&quot;:&quot;classic&quot;}\">\n\t\t\t\t<div class=\"elementor-element elementor-element-5da8e01 elementor-widget elementor-widget-image\" data-id=\"5da8e01\" data-element_type=\"widget\" data-e-type=\"widget\" data-widget_type=\"image.default\">\n\t\t\t\t\t\t\t\t\t\t\t\t\t\t\t<img decoding=\"async\" width=\"744\" height=\"700\" src=\"https:\/\/cool-mahavira.104-248-40-33.plesk.page\/wp-content\/uploads\/2026\/04\/Storie-di-vino.png\" class=\"attachment-large size-large wp-image-86\" alt=\"\" srcset=\"https:\/\/cool-mahavira.104-248-40-33.plesk.page\/wp-content\/uploads\/2026\/04\/Storie-di-vino.png 744w, https:\/\/cool-mahavira.104-248-40-33.plesk.page\/wp-content\/uploads\/2026\/04\/Storie-di-vino-300x282.png 300w\" sizes=\"(max-width: 744px) 100vw, 744px\" \/>\t\t\t\t\t\t\t\t\t\t\t\t\t\t\t<\/div>\n\t\t\t\t<\/div>\n\t\t<div class=\"elementor-element elementor-element-91ab1db e-con-full e-flex e-con e-child\" data-id=\"91ab1db\" data-element_type=\"container\" data-e-type=\"container\">\n\t\t\t\t<div class=\"elementor-element elementor-element-c033779 elementor-widget elementor-widget-heading\" data-id=\"c033779\" data-element_type=\"widget\" data-e-type=\"widget\" data-widget_type=\"heading.default\">\n\t\t\t\t\t<h2 class=\"elementor-heading-title elementor-size-default\">Qualit\u00e0, selezione e passione: i principi che ci guidano<\/h2>\t\t\t\t<\/div>\n\t\t\t\t<div class=\"elementor-element elementor-element-6e51e08 elementor-widget-divider--view-line elementor-widget elementor-widget-divider\" data-id=\"6e51e08\" data-element_type=\"widget\" data-e-type=\"widget\" data-widget_type=\"divider.default\">\n\t\t\t\t\t\t\t<div class=\"elementor-divider\">\n\t\t\t<span class=\"elementor-divider-separator\">\n\t\t\t\t\t\t<\/span>\n\t\t<\/div>\n\t\t\t\t\t\t<\/div>\n\t\t\t\t<div class=\"elementor-element elementor-element-ab38c80 elementor-widget elementor-widget-text-editor\" data-id=\"ab38c80\" data-element_type=\"widget\" data-e-type=\"widget\" data-widget_type=\"text-editor.default\">\n\t\t\t\t\t\t\t\t\t<p>La nostra filosofia si fonda su una continua ricerca della qualit\u00e0. Selezioniamo vini artigianali da piccole cantine, prediligendo produttori che condividono la nostra attenzione alla sostenibilit\u00e0 e al rispetto per il territorio. La nostra scelta di importazioni dirette ci permette di offrire etichette difficili da trovare in Italia, senza intermediari, garantendo un rapporto qualit\u00e0-prezzo vantaggioso per i nostri clienti. Ogni bottiglia \u00e8 frutto di una selezione accurata, fatta con passione e rispetto per il vino, che \u00e8 prima di tutto cultura, tradizione e storia.<\/p>\t\t\t\t\t\t\t\t<\/div>\n\t\t\t\t<\/div>\n\t\t\t\t\t<\/div>\n\t\t\t\t<\/div>\n\t\t<div class=\"elementor-element elementor-element-7cc4ba7 e-flex e-con-boxed e-con e-parent\" data-id=\"7cc4ba7\" data-element_type=\"container\" data-e-type=\"container\" data-settings=\"{&quot;background_background&quot;:&quot;classic&quot;}\">\n\t\t\t\t\t<div class=\"e-con-inner\">\n\t\t\t\t<div class=\"elementor-element elementor-element-b642faf elementor-widget elementor-widget-heading\" data-id=\"b642faf\" data-element_type=\"widget\" data-e-type=\"widget\" data-widget_type=\"heading.default\">\n\t\t\t\t\t<h2 class=\"elementor-heading-title elementor-size-default\">Il nostro team<\/h2>\t\t\t\t<\/div>\n\t\t\t\t<div class=\"elementor-element elementor-element-78f4867 elementor-widget-divider--view-line elementor-widget elementor-widget-divider\" data-id=\"78f4867\" data-element_type=\"widget\" data-e-type=\"widget\" data-widget_type=\"divider.default\">\n\t\t\t\t\t\t\t<div class=\"elementor-divider\">\n\t\t\t<span class=\"elementor-divider-separator\">\n\t\t\t\t\t\t<\/span>\n\t\t<\/div>\n\t\t\t\t\t\t<\/div>\n\t\t<div class=\"elementor-element elementor-element-4975510 e-con-full e-flex e-con e-child\" data-id=\"4975510\" data-element_type=\"container\" data-e-type=\"container\">\n\t\t<div class=\"elementor-element elementor-element-dcfe326 e-con-full e-flex e-con e-child\" data-id=\"dcfe326\" data-element_type=\"container\" data-e-type=\"container\">\n\t\t\t\t<div class=\"elementor-element elementor-element-6e14a92 elementor-widget elementor-widget-image\" data-id=\"6e14a92\" data-element_type=\"widget\" data-e-type=\"widget\" data-widget_type=\"image.default\">\n\t\t\t\t\t\t\t\t\t\t\t\t\t\t\t<img decoding=\"async\" src=\"https:\/\/cool-mahavira.104-248-40-33.plesk.page\/wp-content\/plugins\/elementor\/assets\/images\/placeholder.png\" title=\"\" alt=\"\" loading=\"lazy\" \/>\t\t\t\t\t\t\t\t\t\t\t\t\t\t\t<\/div>\n\t\t\t\t<div class=\"elementor-element elementor-element-4bf0e00 elementor-widget elementor-widget-heading\" data-id=\"4bf0e00\" data-element_type=\"widget\" data-e-type=\"widget\" data-widget_type=\"heading.default\">\n\t\t\t\t\t<h2 class=\"elementor-heading-title elementor-size-default\">Andrea<\/h2>\t\t\t\t<\/div>\n\t\t\t\t<div class=\"elementor-element elementor-element-8cec1f5 elementor-widget elementor-widget-text-editor\" data-id=\"8cec1f5\" data-element_type=\"widget\" data-e-type=\"widget\" data-widget_type=\"text-editor.default\">\n\t\t\t\t\t\t\t\t\t<p>Ruolo<\/p>\t\t\t\t\t\t\t\t<\/div>\n\t\t\t\t<\/div>\n\t\t<div class=\"elementor-element elementor-element-ead5e56 e-con-full e-flex e-con e-child\" data-id=\"ead5e56\" data-element_type=\"container\" data-e-type=\"container\">\n\t\t\t\t<div class=\"elementor-element elementor-element-b356f4a elementor-widget elementor-widget-image\" data-id=\"b356f4a\" data-element_type=\"widget\" data-e-type=\"widget\" data-widget_type=\"image.default\">\n\t\t\t\t\t\t\t\t\t\t\t\t\t\t\t<img decoding=\"async\" src=\"https:\/\/cool-mahavira.104-248-40-33.plesk.page\/wp-content\/plugins\/elementor\/assets\/images\/placeholder.png\" title=\"\" alt=\"\" loading=\"lazy\" \/>\t\t\t\t\t\t\t\t\t\t\t\t\t\t\t<\/div>\n\t\t\t\t<div class=\"elementor-element elementor-element-5647bce elementor-widget elementor-widget-heading\" data-id=\"5647bce\" data-element_type=\"widget\" data-e-type=\"widget\" data-widget_type=\"heading.default\">\n\t\t\t\t\t<h2 class=\"elementor-heading-title elementor-size-default\">Eddy<\/h2>\t\t\t\t<\/div>\n\t\t\t\t<div class=\"elementor-element elementor-element-066af0a elementor-widget elementor-widget-text-editor\" data-id=\"066af0a\" data-element_type=\"widget\" data-e-type=\"widget\" data-widget_type=\"text-editor.default\">\n\t\t\t\t\t\t\t\t\t<p>Ruolo<\/p>\t\t\t\t\t\t\t\t<\/div>\n\t\t\t\t<\/div>\n\t\t<div class=\"elementor-element elementor-element-36aa15c e-con-full e-flex e-con e-child\" data-id=\"36aa15c\" data-element_type=\"container\" data-e-type=\"container\">\n\t\t\t\t<div class=\"elementor-element elementor-element-6550c91 elementor-widget elementor-widget-image\" data-id=\"6550c91\" data-element_type=\"widget\" data-e-type=\"widget\" data-widget_type=\"image.default\">\n\t\t\t\t\t\t\t\t\t\t\t\t\t\t\t<img decoding=\"async\" src=\"https:\/\/cool-mahavira.104-248-40-33.plesk.page\/wp-content\/plugins\/elementor\/assets\/images\/placeholder.png\" title=\"\" alt=\"\" loading=\"lazy\" \/>\t\t\t\t\t\t\t\t\t\t\t\t\t\t\t<\/div>\n\t\t\t\t<div class=\"elementor-element elementor-element-10521cc elementor-widget elementor-widget-heading\" data-id=\"10521cc\" data-element_type=\"widget\" data-e-type=\"widget\" data-widget_type=\"heading.default\">\n\t\t\t\t\t<h2 class=\"elementor-heading-title elementor-size-default\">Andrea<\/h2>\t\t\t\t<\/div>\n\t\t\t\t<div class=\"elementor-element elementor-element-a270e7d elementor-widget elementor-widget-text-editor\" data-id=\"a270e7d\" data-element_type=\"widget\" data-e-type=\"widget\" data-widget_type=\"text-editor.default\">\n\t\t\t\t\t\t\t\t\t<p>Ruolo<\/p>\t\t\t\t\t\t\t\t<\/div>\n\t\t\t\t<\/div>\n\t\t\t\t<\/div>\n\t\t\t\t\t<\/div>\n\t\t\t\t<\/div>\n\t\t\t\t<\/div>\n\t\t","protected":false},"excerpt":{"rendered":"<p>Chi siamo Il nostro team di esperti \u00e8 il cuore pulsante di Vino Vino Siamo un gruppo di appassionati e [&hellip;]<\/p>\n","protected":false},"author":1,"featured_media":0,"parent":0,"menu_order":0,"comment_status":"closed","ping_status":"closed","template":"elementor_header_footer","meta":{"site-sidebar-layout":"no-sidebar","site-content-layout":"","ast-site-content-layout":"full-width-container","site-content-style":"default","site-sidebar-style":"default","ast-global-header-display":"","ast-banner-title-visibility":"","ast-main-header-display":"","ast-hfb-above-header-display":"","ast-hfb-below-header-display":"","ast-hfb-mobile-header-display":"","site-post-title":"","ast-breadcrumbs-content":"","ast-featured-img":"disabled","footer-sml-layout":"","ast-disable-related-posts":"","theme-transparent-header-meta":"","adv-header-id-meta":"","stick-header-meta":"","header-above-stick-meta":"","header-main-stick-meta":"","header-below-stick-meta":"","astra-migrate-meta-layouts":"default","ast-page-background-enabled":"default","ast-page-background-meta":{"desktop":{"background-color":"var(--ast-global-color-5)","background-image":"","background-repeat":"repeat","background-position":"center center","background-size":"auto","background-attachment":"scroll","background-type":"","background-media":"","overlay-type":"","overlay-color":"","overlay-opacity":"","overlay-gradient":""},"tablet":{"background-color":"","background-image":"","background-repeat":"repeat","background-position":"center center","background-size":"auto","background-attachment":"scroll","background-type":"","background-media":"","overlay-type":"","overlay-color":"","overlay-opacity":"","overlay-gradient":""},"mobile":{"background-color":"","background-image":"","background-repeat":"repeat","background-position":"center center","background-size":"auto","background-attachment":"scroll","background-type":"","background-media":"","overlay-type":"","overlay-color":"","overlay-opacity":"","overlay-gradient":""}},"ast-content-background-meta":{"desktop":{"background-color":"var(--ast-global-color-4)","background-image":"","background-repeat":"repeat","background-position":"center center","background-size":"auto","background-attachment":"scroll","background-type":"","background-media":"","overlay-type":"","overlay-color":"","overlay-opacity":"","overlay-gradient":""},"tablet":{"background-color":"var(--ast-global-color-4)","background-image":"","background-repeat":"repeat","background-position":"center center","background-size":"auto","background-attachment":"scroll","background-type":"","background-media":"","overlay-type":"","overlay-color":"","overlay-opacity":"","overlay-gradient":""},"mobile":{"background-color":"var(--ast-global-color-4)","background-image":"","background-repeat":"repeat","background-position":"center center","background-size":"auto","background-attachment":"scroll","background-type":"","background-media":"","overlay-type":"","overlay-color":"","overlay-opacity":"","overlay-gradient":""}},"footnotes":""},"class_list":["post-100","page","type-page","status-publish","hentry"],"_links":{"self":[{"href":"https:\/\/cool-mahavira.104-248-40-33.plesk.page\/index.php\/wp-json\/wp\/v2\/pages\/100","targetHints":{"allow":["GET"]}}],"collection":[{"href":"https:\/\/cool-mahavira.104-248-40-33.plesk.page\/index.php\/wp-json\/wp\/v2\/pages"}],"about":[{"href":"https:\/\/cool-mahavira.104-248-40-33.plesk.page\/index.php\/wp-json\/wp\/v2\/types\/page"}],"author":[{"embeddable":true,"href":"https:\/\/cool-mahavira.104-248-40-33.plesk.page\/index.php\/wp-json\/wp\/v2\/users\/1"}],"replies":[{"embeddable":true,"href":"https:\/\/cool-mahavira.104-248-40-33.plesk.page\/index.php\/wp-json\/wp\/v2\/comments?post=100"}],"version-history":[{"count":22,"href":"https:\/\/cool-mahavira.104-248-40-33.plesk.page\/index.php\/wp-json\/wp\/v2\/pages\/100\/revisions"}],"predecessor-version":[{"id":186,"href":"https:\/\/cool-mahavira.104-248-40-33.plesk.page\/index.php\/wp-json\/wp\/v2\/pages\/100\/revisions\/186"}],"wp:attachment":[{"href":"https:\/\/cool-mahavira.104-248-40-33.plesk.page\/index.php\/wp-json\/wp\/v2\/media?parent=100"}],"curies":[{"name":"wp","href":"https:\/\/api.w.org\/{rel}","templated":true}]}}