{"id":283,"date":"2026-04-15T10:45:24","date_gmt":"2026-04-15T10:45:24","guid":{"rendered":"https:\/\/cool-mahavira.104-248-40-33.plesk.page\/?page_id=283"},"modified":"2026-04-15T10:54:55","modified_gmt":"2026-04-15T10:54:55","slug":"sostituzioni","status":"publish","type":"page","link":"https:\/\/cool-mahavira.104-248-40-33.plesk.page\/index.php\/sostituzioni\/","title":{"rendered":"Sostituzioni"},"content":{"rendered":"\t\t<div data-elementor-type=\"wp-page\" data-elementor-id=\"283\" class=\"elementor elementor-283\" data-elementor-post-type=\"page\">\n\t\t\t\t<div class=\"elementor-element elementor-element-7317306 e-con-full e-flex e-con e-parent\" data-id=\"7317306\" data-element_type=\"container\" data-e-type=\"container\" data-settings=\"{&quot;background_background&quot;:&quot;classic&quot;}\">\n\t\t\t\t<div class=\"elementor-element elementor-element-c3bf07a elementor-widget elementor-widget-heading\" data-id=\"c3bf07a\" data-element_type=\"widget\" data-e-type=\"widget\" data-widget_type=\"heading.default\">\n\t\t\t\t\t<h1 class=\"elementor-heading-title elementor-size-default\">Sostituzioni<\/h1>\t\t\t\t<\/div>\n\t\t\t\t<\/div>\n\t\t<div class=\"elementor-element elementor-element-4b13c7f e-flex e-con-boxed e-con e-parent\" data-id=\"4b13c7f\" data-element_type=\"container\" data-e-type=\"container\" data-settings=\"{&quot;background_background&quot;:&quot;classic&quot;}\">\n\t\t\t\t\t<div class=\"e-con-inner\">\n\t\t\t\t<div class=\"elementor-element elementor-element-f782656 elementor-widget-mobile__width-inherit elementor-widget elementor-widget-heading\" data-id=\"f782656\" data-element_type=\"widget\" data-e-type=\"widget\" data-widget_type=\"heading.default\">\n\t\t\t\t\t<h2 class=\"elementor-heading-title elementor-size-default\">Cosa fare se una bottiglia \u00e8 difettosa?<\/h2>\t\t\t\t<\/div>\n\t\t\t\t<div class=\"elementor-element elementor-element-37383b5 elementor-widget-divider--view-line elementor-widget elementor-widget-divider\" data-id=\"37383b5\" data-element_type=\"widget\" data-e-type=\"widget\" data-widget_type=\"divider.default\">\n\t\t\t\t\t\t\t<div class=\"elementor-divider\">\n\t\t\t<span class=\"elementor-divider-separator\">\n\t\t\t\t\t\t<\/span>\n\t\t<\/div>\n\t\t\t\t\t\t<\/div>\n\t\t\t\t<div class=\"elementor-element elementor-element-5b7d2ff elementor-widget elementor-widget-text-editor\" data-id=\"5b7d2ff\" data-element_type=\"widget\" data-e-type=\"widget\" data-widget_type=\"text-editor.default\">\n\t\t\t\t\t\t\t\t\t<p>Il vino \u00e8 un prodotto vivo e pu\u00f2 capitare che una bottiglia presenti dei difetti. Se questo accade con un vino acquistato da noi, ti sostituiamo la bottiglia senza problemi: la tua soddisfazione \u00e8 importante per noi.<br \/>I difetti pi\u00f9 comuni che riconosciamo sono il sentore di tappo (odore di muffa o cartone bagnato), lo spunto acetico (odore di aceto o solvente) e la marcata maderizzazione (ossidazione eccessiva con colore alterato). Se hai dubbi su un eventuale difetto, contattaci: ti aiutiamo a capire se si tratta di un problema reale.<\/p>\t\t\t\t\t\t\t\t<\/div>\n\t\t\t\t\t<\/div>\n\t\t\t\t<\/div>\n\t\t<div class=\"elementor-element elementor-element-4594445 e-flex e-con-boxed e-con e-parent\" data-id=\"4594445\" data-element_type=\"container\" data-e-type=\"container\">\n\t\t\t\t\t<div class=\"e-con-inner\">\n\t\t<div class=\"elementor-element elementor-element-8eda4a7 e-con-full e-flex e-con e-child\" data-id=\"8eda4a7\" data-element_type=\"container\" data-e-type=\"container\" data-settings=\"{&quot;background_background&quot;:&quot;classic&quot;}\">\n\t\t\t\t<div class=\"elementor-element elementor-element-4b77d1b elementor-widget elementor-widget-heading\" data-id=\"4b77d1b\" data-element_type=\"widget\" data-e-type=\"widget\" data-widget_type=\"heading.default\">\n\t\t\t\t\t<h2 class=\"elementor-heading-title elementor-size-default\">Come richiedere la sostituzione<\/h2>\t\t\t\t<\/div>\n\t\t\t\t<div class=\"elementor-element elementor-element-f2e3288 elementor-widget-divider--view-line elementor-widget elementor-widget-divider\" data-id=\"f2e3288\" data-element_type=\"widget\" data-e-type=\"widget\" data-widget_type=\"divider.default\">\n\t\t\t\t\t\t\t<div class=\"elementor-divider\">\n\t\t\t<span class=\"elementor-divider-separator\">\n\t\t\t\t\t\t<\/span>\n\t\t<\/div>\n\t\t\t\t\t\t<\/div>\n\t\t\t\t<div class=\"elementor-element elementor-element-4fc948d elementor-widget elementor-widget-image\" data-id=\"4fc948d\" data-element_type=\"widget\" data-e-type=\"widget\" data-widget_type=\"image.default\">\n\t\t\t\t\t\t\t\t\t\t\t\t\t\t\t<img fetchpriority=\"high\" decoding=\"async\" width=\"549\" height=\"560\" src=\"https:\/\/cool-mahavira.104-248-40-33.plesk.page\/wp-content\/uploads\/2026\/04\/Come-richiedere-Sostituzione.png\" class=\"attachment-large size-large wp-image-247\" alt=\"\" srcset=\"https:\/\/cool-mahavira.104-248-40-33.plesk.page\/wp-content\/uploads\/2026\/04\/Come-richiedere-Sostituzione.png 549w, https:\/\/cool-mahavira.104-248-40-33.plesk.page\/wp-content\/uploads\/2026\/04\/Come-richiedere-Sostituzione-294x300.png 294w\" sizes=\"(max-width: 549px) 100vw, 549px\" \/>\t\t\t\t\t\t\t\t\t\t\t\t\t\t\t<\/div>\n\t\t\t\t<\/div>\n\t\t<div class=\"elementor-element elementor-element-a97525b e-con-full e-flex e-con e-child\" data-id=\"a97525b\" data-element_type=\"container\" data-e-type=\"container\">\n\t\t\t\t<div class=\"elementor-element elementor-element-4bc792d elementor-position-inline-start elementor-mobile-position-inline-start elementor-view-default elementor-widget elementor-widget-icon-box\" data-id=\"4bc792d\" data-element_type=\"widget\" data-e-type=\"widget\" data-widget_type=\"icon-box.default\">\n\t\t\t\t\t\t\t<div class=\"elementor-icon-box-wrapper\">\n\n\t\t\t\t\t\t<div class=\"elementor-icon-box-icon\">\n\t\t\t\t<span  class=\"elementor-icon\">\n\t\t\t\t<svg xmlns=\"http:\/\/www.w3.org\/2000\/svg\" width=\"40\" height=\"40\" viewBox=\"0 0 40 40\" fill=\"none\"><circle cx=\"20\" cy=\"20\" r=\"19.5\" fill=\"#E2DBD8\" stroke=\"#6F4B3B\"><\/circle><path d=\"M20.6841 30H19.4756V16.5234C19.4756 16.0433 19.4756 15.6242 19.4756 15.2661C19.4756 14.8999 19.4797 14.5744 19.4878 14.2896C19.4959 13.9966 19.5081 13.7199 19.5244 13.4595C19.3047 13.6792 19.0931 13.8704 18.8896 14.0332C18.6862 14.196 18.4258 14.4035 18.1084 14.6558L15.4717 16.6577L14.7881 15.7788L19.6465 12.1533H20.6841V30Z\" fill=\"#6F4B3B\"><\/path><\/svg>\t\t\t\t<\/span>\n\t\t\t<\/div>\n\t\t\t\n\t\t\t\t\t\t<div class=\"elementor-icon-box-content\">\n\n\t\t\t\t\t\t\t\t\t<h3 class=\"elementor-icon-box-title\">\n\t\t\t\t\t\t<span  >\n\t\t\t\t\t\t\tConserva tutto il necessario\t\t\t\t\t\t<\/span>\n\t\t\t\t\t<\/h3>\n\t\t\t\t\n\t\t\t\t\t\t\t\t\t<p class=\"elementor-icon-box-description\">\n\t\t\t\t\t\tTieni da parte la bottiglia con il contenuto rimasto, il tappo e lo scontrino d'acquisto. Questi elementi ci servono per verificare il difetto.\t\t\t\t\t<\/p>\n\t\t\t\t\n\t\t\t<\/div>\n\t\t\t\n\t\t<\/div>\n\t\t\t\t\t\t<\/div>\n\t\t\t\t<div class=\"elementor-element elementor-element-1594742 elementor-position-inline-start elementor-mobile-position-inline-start elementor-view-default elementor-widget elementor-widget-icon-box\" data-id=\"1594742\" data-element_type=\"widget\" data-e-type=\"widget\" data-widget_type=\"icon-box.default\">\n\t\t\t\t\t\t\t<div class=\"elementor-icon-box-wrapper\">\n\n\t\t\t\t\t\t<div class=\"elementor-icon-box-icon\">\n\t\t\t\t<span  class=\"elementor-icon\">\n\t\t\t\t<svg xmlns=\"http:\/\/www.w3.org\/2000\/svg\" width=\"40\" height=\"40\" viewBox=\"0 0 40 40\" fill=\"none\"><circle cx=\"20\" cy=\"20\" r=\"19.5\" fill=\"#E2DBD8\" stroke=\"#6F4B3B\"><\/circle><path d=\"M24.9077 30H13.7383V28.9502L18.9873 23.4814C19.8255 22.6107 20.5295 21.8254 21.0991 21.1255C21.6769 20.4175 22.1123 19.7095 22.4053 19.0015C22.7064 18.2935 22.8569 17.5 22.8569 16.6211C22.8569 15.4736 22.5192 14.5825 21.8438 13.9478C21.1764 13.313 20.269 12.9956 19.1216 12.9956C18.3485 12.9956 17.6038 13.134 16.8877 13.4106C16.1797 13.6873 15.488 14.0942 14.8125 14.6313L14.1289 13.7646C14.6253 13.3577 15.1462 13.016 15.6914 12.7393C16.2448 12.4626 16.8104 12.255 17.3882 12.1167C17.966 11.9702 18.5438 11.897 19.1216 11.897C20.1388 11.897 21.0177 12.0923 21.7583 12.4829C22.507 12.8654 23.0889 13.4066 23.5039 14.1064C23.9189 14.8063 24.1265 15.6283 24.1265 16.5723C24.1265 17.5488 23.9556 18.4359 23.6138 19.2334C23.2801 20.0228 22.804 20.7959 22.1855 21.5527C21.5671 22.3096 20.8346 23.1234 19.9883 23.9941L15.3374 28.8037V28.8525H24.9077V30Z\" fill=\"#6F4B3B\"><\/path><\/svg>\t\t\t\t<\/span>\n\t\t\t<\/div>\n\t\t\t\n\t\t\t\t\t\t<div class=\"elementor-icon-box-content\">\n\n\t\t\t\t\t\t\t\t\t<h3 class=\"elementor-icon-box-title\">\n\t\t\t\t\t\t<span  >\n\t\t\t\t\t\t\tContattaci entro i tempi previsti\t\t\t\t\t\t<\/span>\n\t\t\t\t\t<\/h3>\n\t\t\t\t\n\t\t\t\t\t\t\t\t\t<p class=\"elementor-icon-box-description\">\n\t\t\t\t\t\tHai tempo fino a un mese dalla data di acquisto e tre giorni dalla stappatura per segnalarci il problema. Contattaci telefonicamente, via WhatsApp o email, oppure vieni direttamente in enoteca.\t\t\t\t\t<\/p>\n\t\t\t\t\n\t\t\t<\/div>\n\t\t\t\n\t\t<\/div>\n\t\t\t\t\t\t<\/div>\n\t\t\t\t<div class=\"elementor-element elementor-element-a4d15df elementor-position-inline-start elementor-mobile-position-inline-start elementor-view-default elementor-widget elementor-widget-icon-box\" data-id=\"a4d15df\" data-element_type=\"widget\" data-e-type=\"widget\" data-widget_type=\"icon-box.default\">\n\t\t\t\t\t\t\t<div class=\"elementor-icon-box-wrapper\">\n\n\t\t\t\t\t\t<div class=\"elementor-icon-box-icon\">\n\t\t\t\t<span  class=\"elementor-icon\">\n\t\t\t\t<svg xmlns=\"http:\/\/www.w3.org\/2000\/svg\" width=\"40\" height=\"40\" viewBox=\"0 0 40 40\" fill=\"none\"><circle cx=\"20\" cy=\"20\" r=\"19.5\" fill=\"#E2DBD8\" stroke=\"#6F4B3B\"><\/circle><path d=\"M24.334 16.2671C24.334 17.0565 24.1712 17.7523 23.8457 18.3545C23.5202 18.9567 23.0726 19.4491 22.5029 19.8315C21.9414 20.214 21.2944 20.4744 20.562 20.6128V20.686C21.9618 20.8651 23.0319 21.3249 23.7725 22.0654C24.513 22.7979 24.8833 23.7988 24.8833 25.0684C24.8833 26.0693 24.6473 26.9604 24.1753 27.7417C23.7033 28.5229 22.9912 29.1374 22.0391 29.585C21.0951 30.0244 19.9069 30.2441 18.4746 30.2441C17.5062 30.2441 16.6069 30.1546 15.7769 29.9756C14.9468 29.7965 14.1899 29.5483 13.5063 29.231V28.0225C14.1818 28.3561 14.959 28.6328 15.8379 28.8525C16.7249 29.0641 17.6079 29.1699 18.4868 29.1699C20.2121 29.1699 21.4938 28.7996 22.332 28.0591C23.1702 27.3104 23.5894 26.3094 23.5894 25.0562C23.5894 24.1447 23.3656 23.4163 22.918 22.8711C22.4704 22.3177 21.8397 21.9149 21.0259 21.6626C20.2202 21.4103 19.2721 21.2842 18.1816 21.2842H16.2285V20.1978H18.1938C19.1134 20.1978 19.9395 20.0553 20.6719 19.7705C21.4043 19.4775 21.9821 19.0462 22.4053 18.4766C22.8366 17.8988 23.0522 17.1826 23.0522 16.3281C23.0522 15.2214 22.6982 14.3872 21.9902 13.8257C21.2904 13.2642 20.3545 12.9834 19.1826 12.9834C18.556 12.9834 17.966 13.0485 17.4126 13.1787C16.8674 13.3089 16.3384 13.5002 15.8257 13.7524C15.3211 13.9966 14.8166 14.2936 14.312 14.6436L13.6772 13.7524C14.3771 13.2153 15.1828 12.7718 16.0942 12.4219C17.0138 12.0719 18.0392 11.897 19.1704 11.897C20.7899 11.897 22.0553 12.2876 22.9668 13.0688C23.8783 13.8501 24.334 14.9162 24.334 16.2671Z\" fill=\"#6F4B3B\"><\/path><\/svg>\t\t\t\t<\/span>\n\t\t\t<\/div>\n\t\t\t\n\t\t\t\t\t\t<div class=\"elementor-icon-box-content\">\n\n\t\t\t\t\t\t\t\t\t<h3 class=\"elementor-icon-box-title\">\n\t\t\t\t\t\t<span  >\n\t\t\t\t\t\t\tPorta la bottiglia difettosa\t\t\t\t\t\t<\/span>\n\t\t\t\t\t<\/h3>\n\t\t\t\t\n\t\t\t\t\t\t\t\t\t<p class=\"elementor-icon-box-description\">\n\t\t\t\t\t\tPorta in negozio o inviaci la bottiglia con il tappo e lo scontrino. Verifichiamo insieme il difetto.\t\t\t\t\t<\/p>\n\t\t\t\t\n\t\t\t<\/div>\n\t\t\t\n\t\t<\/div>\n\t\t\t\t\t\t<\/div>\n\t\t\t\t<div class=\"elementor-element elementor-element-60dadfb elementor-position-inline-start elementor-mobile-position-inline-start elementor-view-default elementor-widget elementor-widget-icon-box\" data-id=\"60dadfb\" data-element_type=\"widget\" data-e-type=\"widget\" data-widget_type=\"icon-box.default\">\n\t\t\t\t\t\t\t<div class=\"elementor-icon-box-wrapper\">\n\n\t\t\t\t\t\t<div class=\"elementor-icon-box-icon\">\n\t\t\t\t<span  class=\"elementor-icon\">\n\t\t\t\t<svg xmlns=\"http:\/\/www.w3.org\/2000\/svg\" width=\"40\" height=\"40\" viewBox=\"0 0 40 40\" fill=\"none\"><circle cx=\"20\" cy=\"20\" r=\"19.5\" fill=\"#E2DBD8\" stroke=\"#6F4B3B\"><\/circle><path d=\"M26.2871 25.4468H23.2109V30H22.0024V25.4468H12.9448V24.4702L21.917 12.0557H23.2109V24.3115H26.2871V25.4468ZM22.0024 24.3115V17.4512C22.0024 16.9466 22.0024 16.5112 22.0024 16.145C22.0106 15.7788 22.0187 15.4492 22.0269 15.1562C22.035 14.8551 22.0431 14.5662 22.0513 14.2896C22.0594 14.0129 22.0675 13.728 22.0757 13.4351H22.0024C21.7746 13.8257 21.5589 14.1878 21.3555 14.5215C21.1602 14.847 20.9079 15.2173 20.5986 15.6323L14.2998 24.3115H22.0024Z\" fill=\"#6F4B3B\"><\/path><\/svg>\t\t\t\t<\/span>\n\t\t\t<\/div>\n\t\t\t\n\t\t\t\t\t\t<div class=\"elementor-icon-box-content\">\n\n\t\t\t\t\t\t\t\t\t<h3 class=\"elementor-icon-box-title\">\n\t\t\t\t\t\t<span  >\n\t\t\t\t\t\t\tRicevi la sostituzione\t\t\t\t\t\t<\/span>\n\t\t\t\t\t<\/h3>\n\t\t\t\t\n\t\t\t\t\t\t\t\t\t<p class=\"elementor-icon-box-description\">\n\t\t\t\t\t\tTi sostituiremo la bottiglia con un'altra dello stesso vino oppure con un prodotto di pari valore, a tua scelta. Per bottiglie di Champagne o vini di prezzo elevato, il produttore potrebbe richiedere di analizzare il contenuto e il tappo prima di autorizzare la sostituzione: in questi casi ti informeremo sui tempi necessari per la verifica.\t\t\t\t\t<\/p>\n\t\t\t\t\n\t\t\t<\/div>\n\t\t\t\n\t\t<\/div>\n\t\t\t\t\t\t<\/div>\n\t\t\t\t<\/div>\n\t\t\t\t\t<\/div>\n\t\t\t\t<\/div>\n\t\t<div class=\"elementor-element elementor-element-7cc4ba7 e-flex e-con-boxed e-con e-parent\" data-id=\"7cc4ba7\" data-element_type=\"container\" data-e-type=\"container\" data-settings=\"{&quot;background_background&quot;:&quot;classic&quot;}\">\n\t\t\t\t\t<div class=\"e-con-inner\">\n\t\t<div class=\"elementor-element elementor-element-4975510 e-con-full e-flex e-con e-child\" data-id=\"4975510\" data-element_type=\"container\" data-e-type=\"container\">\n\t\t<div class=\"elementor-element elementor-element-d017aa2 e-con-full e-flex e-con e-child\" data-id=\"d017aa2\" data-element_type=\"container\" data-e-type=\"container\">\n\t\t\t\t<div class=\"elementor-element elementor-element-b642faf elementor-widget elementor-widget-heading\" data-id=\"b642faf\" data-element_type=\"widget\" data-e-type=\"widget\" data-widget_type=\"heading.default\">\n\t\t\t\t\t<h2 class=\"elementor-heading-title elementor-size-default\">La tua soddisfazione garantita<\/h2>\t\t\t\t<\/div>\n\t\t\t\t<div class=\"elementor-element elementor-element-78f4867 elementor-widget-divider--view-line elementor-widget elementor-widget-divider\" data-id=\"78f4867\" data-element_type=\"widget\" data-e-type=\"widget\" data-widget_type=\"divider.default\">\n\t\t\t\t\t\t\t<div class=\"elementor-divider\">\n\t\t\t<span class=\"elementor-divider-separator\">\n\t\t\t\t\t\t<\/span>\n\t\t<\/div>\n\t\t\t\t\t\t<\/div>\n\t\t\t\t<\/div>\n\t\t<div class=\"elementor-element elementor-element-41a9512 e-con-full e-flex e-con e-child\" data-id=\"41a9512\" data-element_type=\"container\" data-e-type=\"container\">\n\t\t\t\t<div class=\"elementor-element elementor-element-107ed3d elementor-align-right elementor-widget elementor-widget-button\" data-id=\"107ed3d\" data-element_type=\"widget\" data-e-type=\"widget\" data-widget_type=\"button.default\">\n\t\t\t\t\t\t\t\t\t\t<a class=\"elementor-button elementor-button-link elementor-size-sm\" href=\"https:\/\/cool-mahavira.104-248-40-33.plesk.page\/index.php\/contatti\/\">\n\t\t\t\t\t\t<span class=\"elementor-button-content-wrapper\">\n\t\t\t\t\t\t\t\t\t<span class=\"elementor-button-text\">Contattaci<\/span>\n\t\t\t\t\t<\/span>\n\t\t\t\t\t<\/a>\n\t\t\t\t\t\t\t\t<\/div>\n\t\t\t\t<\/div>\n\t\t\t\t<\/div>\n\t\t<div class=\"elementor-element elementor-element-b4e602b e-con-full e-flex e-con e-child\" data-id=\"b4e602b\" data-element_type=\"container\" data-e-type=\"container\">\n\t\t\t\t<div class=\"elementor-element elementor-element-78ce3fa elementor-widget elementor-widget-text-editor\" data-id=\"78ce3fa\" data-element_type=\"widget\" data-e-type=\"widget\" data-widget_type=\"text-editor.default\">\n\t\t\t\t\t\t\t\t\t<p>Sappiamo che pu\u00f2 capitare e vogliamo che la tua esperienza sia sempre positiva. Sostituiamo qualsiasi bottiglia difettosa acquistata da noi, garantendoti un servizio rapido e trasparente.<\/p>\t\t\t\t\t\t\t\t<\/div>\n\t\t\t\t<\/div>\n\t\t\t\t\t<\/div>\n\t\t\t\t<\/div>\n\t\t\t\t<\/div>\n\t\t","protected":false},"excerpt":{"rendered":"<p>Sostituzioni Cosa fare se una bottiglia \u00e8 difettosa? Il vino \u00e8 un prodotto vivo e pu\u00f2 capitare che una bottiglia [&hellip;]<\/p>\n","protected":false},"author":1,"featured_media":0,"parent":0,"menu_order":0,"comment_status":"closed","ping_status":"closed","template":"elementor_header_footer","meta":{"site-sidebar-layout":"no-sidebar","site-content-layout":"","ast-site-content-layout":"full-width-container","site-content-style":"default","site-sidebar-style":"default","ast-global-header-display":"","ast-banner-title-visibility":"","ast-main-header-display":"","ast-hfb-above-header-display":"","ast-hfb-below-header-display":"","ast-hfb-mobile-header-display":"","site-post-title":"","ast-breadcrumbs-content":"","ast-featured-img":"disabled","footer-sml-layout":"","ast-disable-related-posts":"","theme-transparent-header-meta":"","adv-header-id-meta":"","stick-header-meta":"","header-above-stick-meta":"","header-main-stick-meta":"","header-below-stick-meta":"","astra-migrate-meta-layouts":"default","ast-page-background-enabled":"default","ast-page-background-meta":{"desktop":{"background-color":"var(--ast-global-color-5)","background-image":"","background-repeat":"repeat","background-position":"center center","background-size":"auto","background-attachment":"scroll","background-type":"","background-media":"","overlay-type":"","overlay-color":"","overlay-opacity":"","overlay-gradient":""},"tablet":{"background-color":"","background-image":"","background-repeat":"repeat","background-position":"center center","background-size":"auto","background-attachment":"scroll","background-type":"","background-media":"","overlay-type":"","overlay-color":"","overlay-opacity":"","overlay-gradient":""},"mobile":{"background-color":"","background-image":"","background-repeat":"repeat","background-position":"center center","background-size":"auto","background-attachment":"scroll","background-type":"","background-media":"","overlay-type":"","overlay-color":"","overlay-opacity":"","overlay-gradient":""}},"ast-content-background-meta":{"desktop":{"background-color":"var(--ast-global-color-4)","background-image":"","background-repeat":"repeat","background-position":"center center","background-size":"auto","background-attachment":"scroll","background-type":"","background-media":"","overlay-type":"","overlay-color":"","overlay-opacity":"","overlay-gradient":""},"tablet":{"background-color":"var(--ast-global-color-4)","background-image":"","background-repeat":"repeat","background-position":"center center","background-size":"auto","background-attachment":"scroll","background-type":"","background-media":"","overlay-type":"","overlay-color":"","overlay-opacity":"","overlay-gradient":""},"mobile":{"background-color":"var(--ast-global-color-4)","background-image":"","background-repeat":"repeat","background-position":"center center","background-size":"auto","background-attachment":"scroll","background-type":"","background-media":"","overlay-type":"","overlay-color":"","overlay-opacity":"","overlay-gradient":""}},"footnotes":""},"class_list":["post-283","page","type-page","status-publish","hentry"],"_links":{"self":[{"href":"https:\/\/cool-mahavira.104-248-40-33.plesk.page\/index.php\/wp-json\/wp\/v2\/pages\/283","targetHints":{"allow":["GET"]}}],"collection":[{"href":"https:\/\/cool-mahavira.104-248-40-33.plesk.page\/index.php\/wp-json\/wp\/v2\/pages"}],"about":[{"href":"https:\/\/cool-mahavira.104-248-40-33.plesk.page\/index.php\/wp-json\/wp\/v2\/types\/page"}],"author":[{"embeddable":true,"href":"https:\/\/cool-mahavira.104-248-40-33.plesk.page\/index.php\/wp-json\/wp\/v2\/users\/1"}],"replies":[{"embeddable":true,"href":"https:\/\/cool-mahavira.104-248-40-33.plesk.page\/index.php\/wp-json\/wp\/v2\/comments?post=283"}],"version-history":[{"count":13,"href":"https:\/\/cool-mahavira.104-248-40-33.plesk.page\/index.php\/wp-json\/wp\/v2\/pages\/283\/revisions"}],"predecessor-version":[{"id":297,"href":"https:\/\/cool-mahavira.104-248-40-33.plesk.page\/index.php\/wp-json\/wp\/v2\/pages\/283\/revisions\/297"}],"wp:attachment":[{"href":"https:\/\/cool-mahavira.104-248-40-33.plesk.page\/index.php\/wp-json\/wp\/v2\/media?parent=283"}],"curies":[{"name":"wp","href":"https:\/\/api.w.org\/{rel}","templated":true}]}}